{"id":235,"date":"2019-12-12T11:14:56","date_gmt":"2019-12-12T11:14:56","guid":{"rendered":"https:\/\/www.cerrajeroenestepona.com\/es\/?page_id=235"},"modified":"2019-12-12T11:57:13","modified_gmt":"2019-12-12T11:57:13","slug":"politica-de-privacidad","status":"publish","type":"page","link":"https:\/\/www.cerrajeroenestepona.com\/es\/politica-de-privacidad\/","title":{"rendered":"Pol\u00edtica de Privacidad"},"content":{"rendered":"<p style=\"text-align: justify;\"><span style=\"color: #000000;\"><strong>Qui\u00e9nes somos<\/strong><\/span><br \/>\n<span style=\"color: #000000;\">La direcci\u00f3n de nuestra web es:<\/span> <em><a href=\"https:\/\/cerrajeroenestepona.com\">https:\/\/cerrajeroenestepona.com<\/a><\/em>.<\/p>\n<p style=\"text-align: justify;\"><span style=\"color: #000000;\">En LA TIENDA DE LAS LLAVES nos tomamos muy en serio tus datos personales que nos facilitas al usar nuestros servicios y nos comprometemos a mantener los mismos completamente a salvo.<\/span><\/p>\n<p style=\"text-align: justify;\"><span style=\"color: #000000;\">Cumplimos y damos soporte a la nueva ley europea de protecci\u00f3n de datos (RGPD).<\/span><\/p>\n<p style=\"text-align: justify;\"><span style=\"color: #000000;\">Incluimos nuevas funcionalidades que te permitir\u00e1n gestionar tu PRIVACIDAD. Adem\u00e1s, hemos actualizado nuestras condiciones de uso y pol\u00edtica de privacidad.<\/span><\/p>\n<p style=\"text-align: justify;\"><span style=\"color: #000000;\">LA TIENDA DE LAS LLAVES S.C, con domicilio social en Avd. Padre Cura, 13 \u2013 29680 Estepona (M\u00e1laga), es propietario del presente Sitio Web cuya utilizaci\u00f3n se regula mediante este documento, con CIF n\u00famero J-93218170. Para contactar con Comercios de tu Ciudad, puede utilizar la direcci\u00f3n de correo electr\u00f3nica<\/span> <em><a href=\"mailto:latiendadelasllaves@gmail.com\">latiendadelasllaves@gmail.com<\/a><\/em>.<\/p>\n<p style=\"text-align: justify;\"><span style=\"color: #000000;\">Si deseas cualquier modificaci\u00f3n o anulaci\u00f3n haz clic<\/span> <a href=\"https:\/\/latiendadelasllaves@gmail.com\"><em>AQU\u00cd<\/em><\/a>.<\/p>\n<p style=\"text-align: justify;\"><span style=\"color: #000000;\">Qu\u00e9 datos personales recogemos y por qu\u00e9 los recogemos<\/span><br \/>\n<span style=\"color: #000000;\">Comentarios<\/span><br \/>\n<span style=\"color: #000000;\">Cuando los visitantes dejan comentarios en la web, recopilamos los datos que se muestran en el formulario de comentarios, as\u00ed como la direcci\u00f3n IP del visitante y la cadena de agentes de usuario del navegador para ayudar a la detecci\u00f3n de spam.<\/span><\/p>\n<p style=\"text-align: justify;\"><span style=\"color: #000000;\">Una cadena an\u00f3nima creada a partir de tu direcci\u00f3n de correo electr\u00f3nico (tambi\u00e9n llamada hash) puede ser proporcionada al servicio de Gravatar para ver si la est\u00e1s usando. La pol\u00edtica de privacidad del servicio Gravatar est\u00e1 disponible aqu\u00ed: https:\/\/automattic.com\/privacy\/. Despu\u00e9s de la aprobaci\u00f3n de tu comentario, la imagen de tu perfil es visible para el p\u00fablico en el contexto de su comentario.<\/span><\/p>\n<p style=\"text-align: justify;\"><span style=\"color: #000000;\"><strong>Medios<\/strong><\/span><br \/>\n<span style=\"color: #000000;\">Si subes im\u00e1genes a la web deber\u00edas evitar subir im\u00e1genes con datos de ubicaci\u00f3n (GPS EXIF) incluidos. Los visitantes de la web pueden descargar y extraer cualquier dato de localizaci\u00f3n de las im\u00e1genes de la web.<\/span><\/p>\n<p style=\"text-align: justify;\"><span style=\"color: #000000;\"><strong>Formularios de contacto<\/strong><\/span><br \/>\n<span style=\"color: #000000;\">En nuestro formulario de contacto, recogemos el nombre y correo electr\u00f3nico de aquellos que por cualquier motivo deseen contactar con LA TIENDA DE LAS LLAVES.<\/span><\/p>\n<p style=\"text-align: justify;\"><span style=\"color: #000000;\"><strong>Cookies<\/strong><\/span><br \/>\n<span style=\"color: #000000;\">Si dejas un comentario en nuestro sitio puedes elegir guardar tu nombre, direcci\u00f3n de correo electr\u00f3nico y web en cookies. Esto es para tu comodidad, para que no tengas que volver a rellenar tus datos cuando dejes otro comentario. Estas cookies tendr\u00e1n una duraci\u00f3n de un a\u00f1o.<\/span><\/p>\n<p style=\"text-align: justify;\"><span style=\"color: #000000;\">Si tienes una cuenta y te conectas a este sitio, instalaremos una cookie temporal para determinar si tu navegador acepta cookies. Esta cookie no contiene datos personales y se elimina al cerrar el navegador.<\/span><\/p>\n<p style=\"text-align: justify;\"><span style=\"color: #000000;\">Cuando inicias sesi\u00f3n, tambi\u00e9n instalaremos varias cookies para guardar tu informaci\u00f3n de inicio de sesi\u00f3n y tus opciones de visualizaci\u00f3n de pantalla. Las cookies de inicio de sesi\u00f3n duran dos d\u00edas, y las cookies de opciones de pantalla duran un a\u00f1o. Si seleccionas \u201cRecordarme\u201d, tu inicio de sesi\u00f3n perdurar\u00e1 durante dos semanas. Si sales de tu cuenta, las cookies de inicio de sesi\u00f3n se eliminar\u00e1n.<\/span><\/p>\n<p style=\"text-align: justify;\"><span style=\"color: #000000;\">Si editas o publicas un art\u00edculo se guardar\u00e1 una cookie adicional en tu navegador. Esta cookie no incluye datos personales y simplemente indica el ID del art\u00edculo que acabas de editar. Caduca despu\u00e9s de 1 d\u00eda.<\/span><\/p>\n<p style=\"text-align: justify;\"><span style=\"color: #000000;\"><strong>Contenido incrustado de otros sitios web<\/strong><\/span><br \/>\n<span style=\"color: #000000;\">Los art\u00edculos de este sitio pueden incluir contenido incrustado (por ejemplo, v\u00eddeos, im\u00e1genes, art\u00edculos, etc.). El contenido incrustado de otras web se comporta exactamente de la misma manera que si el visitante hubiera visitado la otra web.<\/span><\/p>\n<p style=\"text-align: justify;\"><span style=\"color: #000000;\">Estas web pueden recopilar datos sobre ti, utilizar cookies, incrustar un seguimiento adicional de terceros, y supervisar tu interacci\u00f3n con ese contenido incrustado, incluido el seguimiento de su interacci\u00f3n con el contenido incrustado si tienes una cuenta y est\u00e1s conectado a esa web.<\/span><\/p>\n<p style=\"text-align: justify;\"><span style=\"color: #000000;\"><strong>Anal\u00edtica<\/strong><\/span><br \/>\n<span style=\"color: #000000;\">Google Analytics:<\/span><\/p>\n<p style=\"text-align: justify;\"><span style=\"color: #000000;\">Google Analytics es un servicio anal\u00edtico de web prestado por Google, Inc., una compa\u00f1\u00eda de Delaware cuya oficina principal est\u00e1 en 1600 Amphitheatre Parkway, Mountain View (California), CA 94043, Estados Unidos (\u201cGoogle\u201d). Google Analytics utiliza \u201ccookies\u201d, que son archivos de texto ubicados en su ordenador, para ayudar al website a analizar el uso que hacen los usuarios del sitio web. La informaci\u00f3n que genera la cookie acerca de su uso del website (incluyendo su direcci\u00f3n IP) ser\u00e1 directamente transmitida y archivada por Google. Google usar\u00e1 esta informaci\u00f3n por cuenta nuestra con el prop\u00f3sito de seguir la pista de su uso del website, recopilando informes de la actividad del website y prestando otros servicios relacionados con la actividad del website y el uso de Internet. Google podr\u00e1 transmitir dicha informaci\u00f3n a terceros cuando as\u00ed se lo requiera la legislaci\u00f3n, o cuando dichos terceros procesen la informaci\u00f3n por cuenta de Google. Google no asociar\u00e1 su direcci\u00f3n IP con ning\u00fan otro dato del que disponga Google. Puede Usted rechazar el tratamiento de los datos o la informaci\u00f3n<\/span> <span style=\"color: #000000;\">rechazando el uso de cookies mediante la selecci\u00f3n de la configuraci\u00f3n apropiada de su navegador, sin embargo, debe Usted saber que si lo hace puede ser que no pueda usar la plena funcionabilidad de este website. Al utilizar este website Usted consiente el tratamiento datos por parte de Google en la forma y para los fines indicados. Los usuarios pueden acceder a la pol\u00edtica de privacidad de la red de contenido en https:\/\/www.google.com\/intl\/es\/policies\/privacy\/.<\/span><\/p>\n<p style=\"text-align: justify;\"><span style=\"color: #000000;\"><strong>Google Adsense:<\/strong><\/span><\/p>\n<p style=\"text-align: justify;\"><span style=\"color: #000000;\">Google, como proveedor asociado, utiliza cookies para publicar anuncios en este sitio web. Los usuarios pueden inhabilitar el uso de la cookie de DART a trav\u00e9s del anuncio de Google y accediendo a la pol\u00edtica de privacidad de la red de contenido https:\/\/www.google.com\/intl\/es\/policies\/privacy\/.Google utiliza empresas publicitarias asociadas para publicar anuncios cuando visita nuestro sitio web. Es posible que estas empresas usen la informaci\u00f3n que obtienen de sus visitas a este y otros sitios web (sin incluir su nombre, direcci\u00f3n, direcci\u00f3n de correo electr\u00f3nico o n\u00famero de tel\u00e9fono) para ofrecerle anuncios sobre productos y servicios que le resulten de inter\u00e9s. Al utilizar este website Usted consiente el tratamiento de datos por parte de Google en la forma y para los fines indicados.<\/span><\/p>\n<p style=\"text-align: justify;\"><span style=\"color: #000000;\">Si desea m\u00e1s informaci\u00f3n acerca del uso de cookies y las pr\u00e1cticas de recopilaci\u00f3n de informaci\u00f3n y los procedimientos de aceptaci\u00f3n o rechazo por parte del usuario consulte nuestra: <em><a href=\"https:\/\/www.cerrajeroenestepona.com\/es\/politica-de-cookies\">POL\u00cdTICA DE COOKIES<\/a><\/em>.<\/span><\/p>\n<p style=\"text-align: justify;\"><span style=\"color: #000000;\"><strong>Cu\u00e1nto tiempo conservamos tus datos<\/strong><\/span><br \/>\n<span style=\"color: #000000;\">Si dejas un comentario, el comentario y sus metadatos se conservan indefinidamente. Esto es para que podamos reconocer y aprobar comentarios sucesivos autom\u00e1ticamente en lugar de mantenerlos en una cola de moderaci\u00f3n.<\/span><\/p>\n<p style=\"text-align: justify;\"><span style=\"color: #000000;\">De los usuarios que se registran en nuestra web (si los hay), tambi\u00e9n almacenamos la informaci\u00f3n personal que proporcionan en su perfil de usuario. Todos los usuarios pueden ver, editar o eliminar su informaci\u00f3n personal en cualquier momento (excepto que no pueden cambiar su nombre de usuario). Los administradores de la web tambi\u00e9n pueden ver y editar esa informaci\u00f3n.<\/span><\/p>\n<p style=\"text-align: justify;\"><span style=\"color: #000000;\"><strong>Qu\u00e9 derechos tienes sobre tus datos<\/strong><\/span><br \/>\n<span style=\"color: #000000;\">Si tienes una cuenta o has dejado comentarios en esta web, puedes solicitar recibir un archivo de exportaci\u00f3n de los datos personales que tenemos sobre ti, incluyendo cualquier dato que nos hayas proporcionado. Tambi\u00e9n puedes solicitar que eliminemos cualquier dato personal que tengamos sobre ti. Esto no incluye ning\u00fan dato que estemos obligados a conservar con fines administrativos, legales o de seguridad.<\/span><\/p>\n<p style=\"text-align: justify;\"><span style=\"color: #000000;\"><strong>D\u00f3nde enviamos tus datos<\/strong><\/span><br \/>\n<span style=\"color: #000000;\">Los comentarios de los visitantes puede que los revise un servicio de detecci\u00f3n autom\u00e1tica de spam.<\/span><\/p>\n<p style=\"text-align: justify;\"><span style=\"color: #000000;\"><strong>Informaci\u00f3n de contacto<\/strong><\/span><br \/>\n<span style=\"color: #000000;\">LA TIENDA DE LAS LLAVES S.C, con domicilio social en Avd. Padre Cura, 13 \u2013 29680 Estepona (M\u00e1laga), es propietario del presente Sitio Web cuya utilizaci\u00f3n se regula mediante este documento, con CIF n\u00famero J-93218170. Para contactar con Comercios de tu Ciudad, puede utilizar la direcci\u00f3n de correo electr\u00f3nica<\/span> <em><a href=\"mailto:latiendadelasllaves@gmail.com\">latiendadelasllaves@gmail.com<\/a><\/em>.<\/p>\n","protected":false},"excerpt":{"rendered":"<p>Qui\u00e9nes somos La direcci\u00f3n de nuestra web es: https:\/\/cerrajeroenestepona.com. En LA TIENDA DE LAS LLAVES nos tomamos muy en serio tus datos personales que nos facilitas al usar nuestros servicios y nos comprometemos a mantener los mismos completamente a salvo. Cumplimos y damos soporte a la nueva ley europea de protecci\u00f3n de datos (RGPD). Incluimos [&hellip;]<\/p>\n","protected":false},"author":1,"featured_media":0,"parent":0,"menu_order":0,"comment_status":"closed","ping_status":"closed","template":"","meta":{"_et_pb_use_builder":"","_et_pb_old_content":"","_et_gb_content_width":"","footnotes":""},"class_list":["post-235","page","type-page","status-publish","hentry"],"_links":{"self":[{"href":"https:\/\/www.cerrajeroenestepona.com\/es\/wp-json\/wp\/v2\/pages\/235"}],"collection":[{"href":"https:\/\/www.cerrajeroenestepona.com\/es\/wp-json\/wp\/v2\/pages"}],"about":[{"href":"https:\/\/www.cerrajeroenestepona.com\/es\/wp-json\/wp\/v2\/types\/page"}],"author":[{"embeddable":true,"href":"https:\/\/www.cerrajeroenestepona.com\/es\/wp-json\/wp\/v2\/users\/1"}],"replies":[{"embeddable":true,"href":"https:\/\/www.cerrajeroenestepona.com\/es\/wp-json\/wp\/v2\/comments?post=235"}],"version-history":[{"count":3,"href":"https:\/\/www.cerrajeroenestepona.com\/es\/wp-json\/wp\/v2\/pages\/235\/revisions"}],"predecessor-version":[{"id":255,"href":"https:\/\/www.cerrajeroenestepona.com\/es\/wp-json\/wp\/v2\/pages\/235\/revisions\/255"}],"wp:attachment":[{"href":"https:\/\/www.cerrajeroenestepona.com\/es\/wp-json\/wp\/v2\/media?parent=235"}],"curies":[{"name":"wp","href":"https:\/\/api.w.org\/{rel}","templated":true}]}}