{"id":237,"date":"2019-12-12T11:27:04","date_gmt":"2019-12-12T11:27:04","guid":{"rendered":"https:\/\/www.cerrajeroenestepona.com\/es\/?page_id=237"},"modified":"2019-12-12T11:54:08","modified_gmt":"2019-12-12T11:54:08","slug":"politica-de-cookies","status":"publish","type":"page","link":"https:\/\/www.cerrajeroenestepona.com\/es\/politica-de-cookies\/","title":{"rendered":"Pol\u00edtica de Cookies"},"content":{"rendered":"<p style=\"text-align: justify;\"><span style=\"color: #000000;\"><span style=\"text-align: justify;\">Una <\/span><em style=\"text-align: justify;\">cookie<\/em><span style=\"text-align: justify;\">\u00a0es un peque\u00f1o fichero de texto que se almacena en su navegador cuando visita casi cualquier p\u00e1gina web. Su utilidad es que la web sea capaz de recordar su visita cuando vuelva a navegar por esa p\u00e1gina. Las\u00a0<\/span><em style=\"text-align: justify;\">cookies<\/em><span style=\"text-align: justify;\">\u00a0suelen almacenar informaci\u00f3n de car\u00e1cter t\u00e9cnico, preferencias personales, personalizaci\u00f3n de contenidos, estad\u00edsticas de uso, enlaces a redes sociales, acceso a cuentas de usuario, etc. El objetivo de la\u00a0<\/span><em style=\"text-align: justify;\">cookie<\/em><span style=\"text-align: justify;\">\u00a0es adaptar el contenido de la web a su perfil y necesidades, sin\u00a0<\/span><em style=\"text-align: justify;\">cookies<\/em><span style=\"text-align: justify;\">\u00a0los servicios ofrecidos por cualquier p\u00e1gina se ver\u00edan mermados notablemente. Si desea consultar m\u00e1s informaci\u00f3n sobre qu\u00e9 son las\u00a0<\/span><em style=\"text-align: justify;\">cookies<\/em><span style=\"text-align: justify;\">, qu\u00e9 almacenan, c\u00f3mo eliminarlas, desactivarlas, etc.,\u00a0<\/span><\/span><a style=\"text-align: justify;\" href=\"https:\/\/developers.google.com\/analytics\/devguides\/collection\/analyticsjs\/cookie-usage?hl=es&amp;csw=1\" target=\"_blank\" rel=\"noopener noreferrer\">le rogamos se dirija a este enlace.<\/a><\/p>\n<article id=\"post-849\" class=\"post-849 page type-page status-publish hentry content-box content-box-wrapper\">\n<div class=\"content-box-inner\">\n<div class=\"entry-content\">\n<h2><\/h2>\n<h2 style=\"text-align: justify;\">Cookies utilizadas en este sitio web<\/h2>\n<p style=\"text-align: justify;\"><span style=\"color: #000000;\">Siguiendo las directrices de la Agencia Espa\u00f1ola de Protecci\u00f3n de Datos procedemos a detallar el uso de\u00a0<em>cookies<\/em>\u00a0que hace esta web con el fin de informarle con la m\u00e1xima exactitud posible.<\/span><\/p>\n<p style=\"text-align: justify;\"><span style=\"color: #000000;\">Este sitio web utiliza las siguientes\u00a0<strong>cookies propias<\/strong>:<\/span><\/p>\n<ul style=\"text-align: justify;\">\n<li><span style=\"color: #000000;\">Cookies de sesi\u00f3n, para garantizar que los usuarios que escriban comentarios en el blog sean humanos y no aplicaciones automatizadas. De esta forma se combate el\u00a0<em>spam<\/em>.<\/span><\/li>\n<\/ul>\n<p style=\"text-align: justify;\"><span style=\"color: #000000;\">Este sitio web utiliza las siguientes\u00a0<strong>cookies de terceros<\/strong>:<\/span><\/p>\n<ul style=\"text-align: justify;\">\n<li><span style=\"color: #000000;\">Google Analytics: Almacena\u00a0<em>cookies<\/em>\u00a0para poder elaborar estad\u00edsticas sobre el tr\u00e1fico y volumen de visitas de esta web. Al utilizar este sitio web est\u00e1 consintiendo el tratamiento de informaci\u00f3n acerca de usted por Google. Por tanto, el ejercicio de cualquier derecho en este sentido deber\u00e1 hacerlo comunicando directamente con Google.<\/span><\/li>\n<li><span style=\"color: #000000;\">Redes sociales: Cada red social utiliza sus propias\u00a0<em>cookies<\/em>\u00a0para que usted pueda pinchar en botones del tipo\u00a0<em>Me gusta<\/em>\u00a0o\u00a0<em>Compartir<\/em>.<\/span><\/li>\n<\/ul>\n<h2 style=\"text-align: justify;\">Desactivaci\u00f3n o eliminaci\u00f3n de cookies<\/h2>\n<p style=\"text-align: justify;\"><span style=\"color: #000000;\">En cualquier momento podr\u00e1 ejercer su derecho de desactivaci\u00f3n o eliminaci\u00f3n de cookies de este sitio web. Estas acciones se realizan de forma diferente en funci\u00f3n del navegador que est\u00e9 usando.<\/span> <em><a href=\"https:\/\/www.cerrajeroenestepona.com\/es\/contacto\/\">Rogamos siga este enlace<\/a><\/em>.<\/p>\n<h2 style=\"text-align: justify;\">Notas adicionales<\/h2>\n<ul style=\"text-align: justify;\">\n<li><span style=\"color: #000000;\">Ni esta web ni sus representantes legales se hacen responsables ni del contenido ni de la veracidad de las pol\u00edticas de privacidad que puedan tener los terceros mencionados en esta pol\u00edtica de\u00a0<em>cookies<\/em>.<\/span><\/li>\n<li><span style=\"color: #000000;\">Los navegadores web son las herramientas encargadas de almacenar las\u00a0<em>cookies<\/em>\u00a0y desde este lugar debe efectuar su derecho a eliminaci\u00f3n o desactivaci\u00f3n de las mismas. Ni esta web ni sus representantes legales pueden garantizar la correcta o incorrecta manipulaci\u00f3n de las\u00a0<em>cookies<\/em>\u00a0por parte de los mencionados navegadores.<\/span><\/li>\n<li><span style=\"color: #000000;\">En algunos casos es necesario instalar\u00a0<em>cookies<\/em>\u00a0para que el navegador no olvide su decisi\u00f3n de no aceptaci\u00f3n de las mismas.<\/span><\/li>\n<li><span style=\"color: #000000;\">En el caso de las\u00a0<em>cookies<\/em>\u00a0de Google Analytics, esta empresa almacena las\u00a0<em>cookies<\/em>\u00a0en servidores ubicados en Estados Unidos y se compromete a no compartirla con terceros, excepto en los casos en los que sea necesario para el funcionamiento del sistema o cuando la ley obligue a tal efecto. Seg\u00fan Google no guarda su direcci\u00f3n IP. Google Inc. es una compa\u00f1\u00eda adherida al Acuerdo de Puerto Seguro que garantiza que todos los datos transferidos ser\u00e1n tratados con un nivel de protecci\u00f3n acorde a la normativa europea. Puede consultar informaci\u00f3n detallada a este respecto<\/span>\u00a0<a href=\"http:\/\/safeharbor.export.gov\/companyinfo.aspx?id=16626\" target=\"_blank\" rel=\"noopener noreferrer\">en este enlace<\/a>. <span style=\"color: #000000;\">Si desea informaci\u00f3n sobre el uso que Google da a las cookies\u00a0<\/span><a href=\"https:\/\/developers.google.com\/analytics\/devguides\/collection\/analyticsjs\/cookie-usage?hl=es&amp;csw=1\" target=\"_blank\" rel=\"noopener noreferrer\">le adjuntamos este otro enlace<\/a>.<\/li>\n<li><span style=\"color: #000000;\">Para cualquier duda o consulta acerca de esta pol\u00edtica de\u00a0<em>cookies<\/em>\u00a0no dude en comunicarse con nosotros a trav\u00e9s de la secci\u00f3n de contacto.<\/span><\/li>\n<\/ul>\n<p style=\"text-align: justify;\"><span style=\"color: #000000;\">Asesor de Cookies es un<\/span>\u00a0<a href=\"http:\/\/wordpress.org\/plugins\/asesor-cookies-para-la-ley-en-espana\/\" target=\"_blank\" rel=\"noopener noreferrer\">plugin para WordPress<\/a>\u00a0<span style=\"color: #000000;\">creado por Carlos Doral<\/span> (<a href=\"http:\/\/webartesanal.com\/\" target=\"_blank\" rel=\"noopener noreferrer\">webartesanal.com<\/a>).<\/p>\n<\/div>\n<\/div>\n<\/article>\n","protected":false},"excerpt":{"rendered":"<p>Una cookie\u00a0es un peque\u00f1o fichero de texto que se almacena en su navegador cuando visita casi cualquier p\u00e1gina web. Su utilidad es que la web sea capaz de recordar su visita cuando vuelva a navegar por esa p\u00e1gina. Las\u00a0cookies\u00a0suelen almacenar informaci\u00f3n de car\u00e1cter t\u00e9cnico, preferencias personales, personalizaci\u00f3n de contenidos, estad\u00edsticas de uso, enlaces a redes [&hellip;]<\/p>\n","protected":false},"author":1,"featured_media":0,"parent":0,"menu_order":0,"comment_status":"closed","ping_status":"closed","template":"","meta":{"_et_pb_use_builder":"","_et_pb_old_content":"","_et_gb_content_width":"","footnotes":""},"class_list":["post-237","page","type-page","status-publish","hentry"],"_links":{"self":[{"href":"https:\/\/www.cerrajeroenestepona.com\/es\/wp-json\/wp\/v2\/pages\/237"}],"collection":[{"href":"https:\/\/www.cerrajeroenestepona.com\/es\/wp-json\/wp\/v2\/pages"}],"about":[{"href":"https:\/\/www.cerrajeroenestepona.com\/es\/wp-json\/wp\/v2\/types\/page"}],"author":[{"embeddable":true,"href":"https:\/\/www.cerrajeroenestepona.com\/es\/wp-json\/wp\/v2\/users\/1"}],"replies":[{"embeddable":true,"href":"https:\/\/www.cerrajeroenestepona.com\/es\/wp-json\/wp\/v2\/comments?post=237"}],"version-history":[{"count":7,"href":"https:\/\/www.cerrajeroenestepona.com\/es\/wp-json\/wp\/v2\/pages\/237\/revisions"}],"predecessor-version":[{"id":253,"href":"https:\/\/www.cerrajeroenestepona.com\/es\/wp-json\/wp\/v2\/pages\/237\/revisions\/253"}],"wp:attachment":[{"href":"https:\/\/www.cerrajeroenestepona.com\/es\/wp-json\/wp\/v2\/media?parent=237"}],"curies":[{"name":"wp","href":"https:\/\/api.w.org\/{rel}","templated":true}]}}