{"id":39,"date":"2014-08-15T11:21:14","date_gmt":"2014-08-15T11:21:14","guid":{"rendered":"http:\/\/www.cerrajeroenestepona.com\/es\/?page_id=39"},"modified":"2023-03-07T13:14:47","modified_gmt":"2023-03-07T13:14:47","slug":"inicio","status":"publish","type":"page","link":"https:\/\/www.cerrajeroenestepona.com\/es\/","title":{"rendered":"Inicio"},"content":{"rendered":"<p>[et_pb_section fb_built=\u00bb1&#8243; _builder_version=\u00bb3.22&#8243; background_color=\u00bb#f7f7f7&#8243; global_colors_info=\u00bb{}\u00bb][et_pb_row column_structure=\u00bb1_2,1_2&#8243; _builder_version=\u00bb3.25&#8243; background_size=\u00bbinitial\u00bb background_position=\u00bbtop_left\u00bb background_repeat=\u00bbrepeat\u00bb global_colors_info=\u00bb{}\u00bb][et_pb_column type=\u00bb1_2&#8243; _builder_version=\u00bb3.25&#8243; custom_padding=\u00bb|||\u00bb global_colors_info=\u00bb{}\u00bb custom_padding__hover=\u00bb|||\u00bb][et_pb_text admin_label=\u00bbText\u00bb _builder_version=\u00bb4.14.4&#8243; background_size=\u00bbinitial\u00bb background_position=\u00bbtop_left\u00bb background_repeat=\u00bbrepeat\u00bb text_orientation=\u00bbcenter\u00bb background_layout=\u00bbdark\u00bb module_alignment=\u00bbcenter\u00bb hover_enabled=\u00bb0&#8243; global_colors_info=\u00bb{}\u00bb sticky_enabled=\u00bb0&#8243;]<\/p>\n<h1><span class=\"UNO\" style=\"font-weight: bold; color: #0000ff;\"><span class=\"DOS\"><span style=\"color: #333399;\">TEL\/FAX:<\/span>\u00a0<\/span><\/span><span class=\"DOS\" style=\"font-weight: bold; color: #ff0000;\"><span class=\"FINAL\"><span class=\"DOS\"><span class=\"tel\">951 965 802<\/span><\/span><\/span><\/span><\/h1>\n<p>[\/et_pb_text][\/et_pb_column][et_pb_column type=\u00bb1_2&#8243; _builder_version=\u00bb3.25&#8243; custom_padding=\u00bb|||\u00bb global_colors_info=\u00bb{}\u00bb custom_padding__hover=\u00bb|||\u00bb][et_pb_text admin_label=\u00bbText\u00bb _builder_version=\u00bb4.14.4&#8243; background_size=\u00bbinitial\u00bb background_position=\u00bbtop_left\u00bb background_repeat=\u00bbrepeat\u00bb text_orientation=\u00bbcenter\u00bb module_alignment=\u00bbcenter\u00bb hover_enabled=\u00bb0&#8243; global_colors_info=\u00bb{}\u00bb sticky_enabled=\u00bb0&#8243;]<\/p>\n<h1><span class=\"UNO\" style=\"font-weight: bold; color: #333399;\"><span class=\"DOS\">M\u00f3vil:<\/span><\/span><span style=\"font-weight: bold; color: #000000;\">\u00a0<\/span><span class=\"DOS\" style=\"font-weight: bold; color: #ff0000;\">680 269 482<\/span><\/h1>\n<p>[\/et_pb_text][\/et_pb_column][\/et_pb_row][\/et_pb_section][et_pb_section fb_built=\u00bb1&#8243; _builder_version=\u00bb3.22&#8243; global_colors_info=\u00bb{}\u00bb][et_pb_row _builder_version=\u00bb3.25&#8243; background_size=\u00bbinitial\u00bb background_position=\u00bbtop_left\u00bb background_repeat=\u00bbrepeat\u00bb global_colors_info=\u00bb{}\u00bb][et_pb_column type=\u00bb4_4&#8243; _builder_version=\u00bb3.25&#8243; custom_padding=\u00bb|||\u00bb global_colors_info=\u00bb{}\u00bb custom_padding__hover=\u00bb|||\u00bb][et_pb_image src=\u00bbhttps:\/\/www.cerrajeroenestepona.com\/es\/wp-content\/uploads\/2014\/08\/frubos.jpg\u00bb align_tablet=\u00bbcenter\u00bb align_phone=\u00bb\u00bb align_last_edited=\u00bbon|desktop\u00bb admin_label=\u00bbImage\u00bb _builder_version=\u00bb3.23&#8243; animation_style=\u00bbslide\u00bb animation_direction=\u00bbleft\u00bb animation_duration=\u00bb500ms\u00bb animation_intensity_slide=\u00bb10%\u00bb animation=\u00bbleft\u00bb global_colors_info=\u00bb{}\u00bb][\/et_pb_image][\/et_pb_column][\/et_pb_row][\/et_pb_section][et_pb_section fb_built=\u00bb1&#8243; _builder_version=\u00bb3.22&#8243; global_colors_info=\u00bb{}\u00bb][et_pb_row column_structure=\u00bb1_2,1_2&#8243; _builder_version=\u00bb3.25&#8243; background_size=\u00bbinitial\u00bb background_position=\u00bbtop_left\u00bb background_repeat=\u00bbrepeat\u00bb global_colors_info=\u00bb{}\u00bb][et_pb_column type=\u00bb1_2&#8243; _builder_version=\u00bb3.25&#8243; custom_padding=\u00bb|||\u00bb global_colors_info=\u00bb{}\u00bb custom_padding__hover=\u00bb|||\u00bb][et_pb_text admin_label=\u00bbText\u00bb _builder_version=\u00bb4.14.4&#8243; background_size=\u00bbinitial\u00bb background_position=\u00bbtop_left\u00bb background_repeat=\u00bbrepeat\u00bb hover_enabled=\u00bb0&#8243; global_colors_info=\u00bb{}\u00bb sticky_enabled=\u00bb0&#8243;]<\/p>\n<p style=\"font-weight: bold; color: #000000;\" align=\"justify\"><span class=\"cuatro\" style=\"color: #0000ff;\">La Tienda de las Llaves<\/span>, lleva trabajando m\u00e1s de 30 a\u00f1os en la zona de la<span class=\"rojo\" style=\"color: #ff0000;\">\u00a0COSTA DEL SOL (SABINILLAS, MANILVA, SAN PEDRO DE ALCANTARA, MARBELLA)<\/span>\u00a0y mas concretamente en la zona de\u00a0<span class=\"rojo\" style=\"color: #ff0000;\">ESTEPONA<\/span>, donde desde hace unos diez a\u00f1os tenemos la principal tienda especializada en llaves que hay en la zona.<\/p>\n<p style=\"font-weight: bold; color: #000000;\" align=\"justify\">En nuestros a\u00f1os de experiencia en el sector de la cerrajer\u00eda, que destacan principalmente, por su seriedad y responsabilidad a la hora de realizar nuestro trabajo, por nuestro\u00a0<span class=\"rojo\" style=\"color: #ff0000;\">SERVICIO TECNICO<\/span>\u00a0dirigido por Jos\u00e9 C\u00e1ceres, el cual tiene una experiencia de mas de 35 a\u00f1os como cerrajero.<\/p>\n<p style=\"font-weight: bold; color: #000000;\" align=\"justify\">Realizamos todo tipo de servicios de cerrajer\u00eda y disponemos tambi\u00e9n de unidades m\u00f3viles que cubren toda la zona para servicios de\u00a0<span class=\"rojo\" style=\"color: #ff0000;\">URGENCIAS<\/span>.<\/p>\n<p style=\"font-weight: bold; color: #000000;\" align=\"justify\">As\u00ed mismo, trabajamos tambi\u00e9n en estrecha colaboraci\u00f3n con Administradores de Fincas e Inmobiliarias para aperturas judiciales, desahucios y para atender a sus comunidades. Trabajamos las 24 horas del d\u00eda, incluso festivos; garantizamos todos nuestros trabajos y abarcamos toda la zona de la COSTA DEL SOL.<\/p>\n<p>[\/et_pb_text][\/et_pb_column][et_pb_column type=\u00bb1_2&#8243; _builder_version=\u00bb3.25&#8243; custom_padding=\u00bb|||\u00bb global_colors_info=\u00bb{}\u00bb custom_padding__hover=\u00bb|||\u00bb][et_pb_image src=\u00bbhttps:\/\/www.cerrajeroenestepona.com\/es\/wp-content\/uploads\/2021\/06\/Fachada-La-Tienda-de-las-Llaves-1.jpg\u00bb title_text=\u00bbFachada-La-Tienda-de-las-Llaves-1&#8243; align_tablet=\u00bbcenter\u00bb align_phone=\u00bb\u00bb align_last_edited=\u00bbon|desktop\u00bb admin_label=\u00bbImage\u00bb _builder_version=\u00bb4.9.7&#8243; animation_style=\u00bbslide\u00bb animation_direction=\u00bbleft\u00bb animation_duration=\u00bb500ms\u00bb animation_intensity_slide=\u00bb10%\u00bb animation=\u00bbleft\u00bb global_colors_info=\u00bb{}\u00bb][\/et_pb_image][\/et_pb_column][\/et_pb_row][\/et_pb_section][et_pb_section fb_built=\u00bb1&#8243; inner_shadow=\u00bbon\u00bb fullwidth=\u00bbon\u00bb _builder_version=\u00bb3.22&#8243; background_color=\u00bb#f7f7f7&#8243; global_colors_info=\u00bb{}\u00bb][et_pb_fullwidth_header title=\u00bbDUPLICAMOS LAS LLAVE DE SU COCHE DE CUALQUIER MARCA CON O SIN CHIP\u00bb text_orientation=\u00bbcenter\u00bb content_max_width=\u00bbnone\u00bb admin_label=\u00bbFullwidth Header\u00bb _builder_version=\u00bb3.16&#8243; background_color=\u00bbrgba(255, 255, 255, 0)\u00bb background_layout=\u00bblight\u00bb global_colors_info=\u00bb{}\u00bb button_one_text_size__hover_enabled=\u00bboff\u00bb button_two_text_size__hover_enabled=\u00bboff\u00bb button_one_text_color__hover_enabled=\u00bboff\u00bb button_two_text_color__hover_enabled=\u00bboff\u00bb button_one_border_width__hover_enabled=\u00bboff\u00bb button_two_border_width__hover_enabled=\u00bboff\u00bb button_one_border_color__hover_enabled=\u00bboff\u00bb button_two_border_color__hover_enabled=\u00bboff\u00bb button_one_border_radius__hover_enabled=\u00bboff\u00bb button_two_border_radius__hover_enabled=\u00bboff\u00bb button_one_letter_spacing__hover_enabled=\u00bboff\u00bb button_two_letter_spacing__hover_enabled=\u00bboff\u00bb button_one_bg_color__hover_enabled=\u00bboff\u00bb button_two_bg_color__hover_enabled=\u00bboff\u00bb][\/et_pb_fullwidth_header][\/et_pb_section][et_pb_section fb_built=\u00bb1&#8243; _builder_version=\u00bb3.22&#8243; global_colors_info=\u00bb{}\u00bb][et_pb_row _builder_version=\u00bb3.25&#8243; background_size=\u00bbinitial\u00bb background_position=\u00bbtop_left\u00bb background_repeat=\u00bbrepeat\u00bb global_colors_info=\u00bb{}\u00bb][et_pb_column type=\u00bb4_4&#8243; _builder_version=\u00bb3.25&#8243; custom_padding=\u00bb|||\u00bb global_colors_info=\u00bb{}\u00bb custom_padding__hover=\u00bb|||\u00bb][et_pb_text admin_label=\u00bbText\u00bb _builder_version=\u00bb3.27.4&#8243; background_size=\u00bbinitial\u00bb background_position=\u00bbtop_left\u00bb background_repeat=\u00bbrepeat\u00bb global_colors_info=\u00bb{}\u00bb]<\/p>\n<div style=\"color: #000000;\" align=\"center\">\n<table border=\"0\" width=\"960\" cellspacing=\"0\" cellpadding=\"0\">\n<tbody>\n<tr>\n<th scope=\"col\">\n<div align=\"center\">\n<div align=\"center\"><span class=\"UNO\" style=\"color: #333399;\">COPIA DE LLAVES &#8211; VENTA DE CERRADURAS &#8211; LLAVES MAGNETICAS &#8211; VENTAS DE CAJAS FUERTES &#8211; COPIA DE MANDOS &#8211; SERVICIOS A COMUNIDADES &#8211; AMAESTRAMIENTOS &#8211; INSTALACIONES DE CERRADURA &#8211; <a href=\"https:\/\/latiendadelasllaves.com\/\">DUPLICADO DE LLAVES DE COCHE TODAS LAS MARCOS CON Y SIN CHIP<\/a> &#8211; <a href=\"https:\/\/latiendadelasllaves.com\/\">CARCASA DE MANDOS PARA COCHE<\/a> &#8211; AUTOMATISMOS &#8211; PUERTAS AUTOMATICAS &#8211;<\/span><\/div>\n<\/div>\n<div align=\"center\">\n<h4 class=\"et_pb_module_header\"><\/h4>\n<\/div>\n<\/th>\n<\/tr>\n<\/tbody>\n<\/table>\n<\/div>\n<p>&nbsp;<br \/>\n[\/et_pb_text][\/et_pb_column][\/et_pb_row][\/et_pb_section]<\/p>\n","protected":false},"excerpt":{"rendered":"<p>TEL\/FAX:\u00a0951 965 802M\u00f3vil:\u00a0680 269 482La Tienda de las Llaves, lleva trabajando m\u00e1s de 30 a\u00f1os en la zona de la\u00a0COSTA DEL SOL (SABINILLAS, MANILVA, SAN PEDRO DE ALCANTARA, MARBELLA)\u00a0y mas concretamente en la zona de\u00a0ESTEPONA, donde desde hace unos diez a\u00f1os tenemos la principal tienda especializada en llaves que hay en la zona. En nuestros [&hellip;]<\/p>\n","protected":false},"author":1,"featured_media":0,"parent":0,"menu_order":0,"comment_status":"open","ping_status":"open","template":"","meta":{"_et_pb_use_builder":"on","_et_pb_old_content":"","_et_gb_content_width":"","footnotes":""},"class_list":["post-39","page","type-page","status-publish","hentry"],"_links":{"self":[{"href":"https:\/\/www.cerrajeroenestepona.com\/es\/wp-json\/wp\/v2\/pages\/39"}],"collection":[{"href":"https:\/\/www.cerrajeroenestepona.com\/es\/wp-json\/wp\/v2\/pages"}],"about":[{"href":"https:\/\/www.cerrajeroenestepona.com\/es\/wp-json\/wp\/v2\/types\/page"}],"author":[{"embeddable":true,"href":"https:\/\/www.cerrajeroenestepona.com\/es\/wp-json\/wp\/v2\/users\/1"}],"replies":[{"embeddable":true,"href":"https:\/\/www.cerrajeroenestepona.com\/es\/wp-json\/wp\/v2\/comments?post=39"}],"version-history":[{"count":37,"href":"https:\/\/www.cerrajeroenestepona.com\/es\/wp-json\/wp\/v2\/pages\/39\/revisions"}],"predecessor-version":[{"id":434,"href":"https:\/\/www.cerrajeroenestepona.com\/es\/wp-json\/wp\/v2\/pages\/39\/revisions\/434"}],"wp:attachment":[{"href":"https:\/\/www.cerrajeroenestepona.com\/es\/wp-json\/wp\/v2\/media?parent=39"}],"curies":[{"name":"wp","href":"https:\/\/api.w.org\/{rel}","templated":true}]}}