{"id":391,"date":"2021-06-29T15:33:50","date_gmt":"2021-06-29T15:33:50","guid":{"rendered":"https:\/\/www.cerrajeroenestepona.com\/es\/?page_id=391"},"modified":"2021-06-29T15:34:58","modified_gmt":"2021-06-29T15:34:58","slug":"enlaces","status":"publish","type":"page","link":"https:\/\/www.cerrajeroenestepona.com\/es\/enlaces\/","title":{"rendered":"Enlaces"},"content":{"rendered":"<p style=\"text-align: justify;\">Mediante estos\u00a0<strong>\u00a0<em><a href=\"https:\/\/comerciosdetuciudad.es\/\" target=\"_blank\" rel=\"noopener\">enlaces<\/a><\/em><\/strong>, podr\u00e1s encontrar otros productos y art\u00edculos de gran inter\u00e9s, sin necesidad de salir de esta p\u00e1gina.\u00a0Webs de inter\u00e9s en\u00a0<a href=\"https:\/\/www.comerciosdeestepona.es\/blog\"><strong><em>Estepona<\/em><\/strong><\/a>.<\/p>\n<p style=\"text-align: justify;\">Por lo que, podr\u00e1 volver en cualquier momento a buscar lo que deseaba en un primer momento y comprarlo.<\/p>\n<p><em><strong>\u2013\u00a0<a href=\"https:\/\/comerciosdeestepona.es\/\" target=\"_blank\" rel=\"noopener noreferrer\">Comercios de Estepona <\/a><\/strong>Buscador Web de Comercios y Productos de Estepona.<\/em><\/p>\n<p style=\"text-align: justify;\"><em><strong>\u2013\u00a0<a href=\"https:\/\/comerciosdetuciudad.es\/\" target=\"_blank\" rel=\"noopener noreferrer\">Comercios de tu Ciudad.\u00a0<\/a><\/strong>Buscador Web de Comercios y Productos.<\/em><\/p>\n<p style=\"text-align: justify;\"><em><strong>\u2013\u00a0<a href=\"https:\/\/pisosycasasenestepona.es\/\" target=\"_blank\" rel=\"noopener noreferrer\">Pisos y Casas en Estepona.<\/a><\/strong>\u00a0Servicios Inmobiliarios en Estepona.<\/em><\/p>\n<p style=\"text-align: justify;\"><em><strong>\u2013\u00a0<a href=\"http:\/\/productosparagolf.es\/\" target=\"_blank\" rel=\"noopener\">Productos para Golf<\/a>.<\/strong>\u00a0Tienda online de art\u00edculos y productos para el deporte del Golf.<\/em><\/p>\n<p style=\"text-align: justify;\"><em><strong>\u2013\u00a0<\/strong><a href=\"https:\/\/autoescuelaenestepona.es\/\" target=\"_blank\" rel=\"noopener\"><strong>Autoescuela Albor\u00e1n<\/strong><\/a>. Centro de Formaci\u00f3n Vial en Estepona.<\/em><\/p>\n<p style=\"text-align: justify;\"><em><strong>\u2013\u00a0<\/strong><a href=\"https:\/\/bohemebyteresa.es\/\" target=\"_blank\" rel=\"noopener\"><strong>Boheme By Teresa<\/strong><\/a>. Tienda de Moda y Complementos para la Mujer.<\/em><\/p>\n<p style=\"text-align: justify;\"><em><strong>\u2013<\/strong>\u00a0<strong><a href=\"https:\/\/artesaniasetnico.es\/\" target=\"_blank\" rel=\"noopener\">\u00c9tnico Artesan\u00edas del Mundo<\/a><\/strong>. Comercio dedicado a la Artesan\u00eda, ropa, accesorios, esoterismo, etc.<\/em><\/p>\n<p style=\"text-align: justify;\"><strong>\u2013<\/strong>\u00a0<em><a href=\"https:\/\/compradeoroonline.es\/\" target=\"_blank\" rel=\"noopener\"><strong>Compra de Oro Online<\/strong><\/a><\/em>. Vende tu oro desde tu domicilio.<\/p>\n<p style=\"text-align: justify;\"><em><strong>\u2013\u00a0<a href=\"https:\/\/eugeniathomsenterapeuta.es\/\" target=\"_blank\" rel=\"noopener\">Eugenia Thomsen<\/a>.<\/strong>\u00a0Terapeuta\u00a0Transpersonal.<\/em><\/p>\n<p style=\"text-align: justify;\"><em><strong>\u2013\u00a0<a href=\"http:\/\/adhorizontal.com\/\" target=\"_blank\" rel=\"noopener noreferrer\">AD Horizontal.\u00a0<\/a><\/strong>Administradores de Fincas.<\/em><\/p>\n<p style=\"text-align: justify;\"><em><strong>\u2013\u00a0<a href=\"https:\/\/www.larevistadeestepona.es\/\" target=\"_blank\" rel=\"noopener noreferrer\">La Revista de Estepona.\u00a0<\/a><\/strong>Revista local en Estepona y Comarca.<\/em><\/p>\n<p style=\"text-align: justify;\"><em><strong>\u2013\u00a0<a href=\"https:\/\/depedrococinas.es\/\" target=\"_blank\" rel=\"noopener noreferrer\">De Pedro Cocinas.\u00a0<\/a><\/strong>Muebles de Cocina.<\/em><\/p>\n<p style=\"text-align: justify;\"><em><strong>\u2013\u00a0<a href=\"https:\/\/www.toldosrodrimarestepona.es\/\" target=\"_blank\" rel=\"noopener noreferrer\">Toldos Rodrimar.<\/a><\/strong>\u00a0Fabricaci\u00f3n propia. Montajes.<\/em><\/p>\n<p style=\"text-align: justify;\"><em><strong>\u2013\u00a0<a href=\"https:\/\/ferrariestate.es\/\" target=\"_blank\" rel=\"noopener noreferrer\">Ferrari Estate.\u00a0<\/a><\/strong>Inmobiliaria.\u00a0 \u00a0<\/em><\/p>\n<p style=\"text-align: justify;\"><em><strong>\u2013\u00a0<a href=\"https:\/\/www.joyeriaesquivelymoreno.com\/\" target=\"_blank\" rel=\"noopener noreferrer\">Joyer\u00eda Esquivel y Moreno.\u00a0<\/a><\/strong>Joyeros Artesanos.<\/em><\/p>\n<p style=\"text-align: justify;\"><em><strong>\u2013\u00a0<a href=\"https:\/\/sastreriamariacano.es\/\" target=\"_blank\" rel=\"noopener noreferrer\">Sastrer\u00eda Mar\u00eda Cano.\u00a0<\/a><\/strong>Camiser\u00eda a Medida. Alquiler de Chaqu\u00e9s.<\/em><\/p>\n<p style=\"text-align: justify;\"><em><strong>\u2013\u00a0<a href=\"https:\/\/joyeriaartesanaljc.es\/\" target=\"_blank\" rel=\"noopener noreferrer\">El Taller de JC<\/a><\/strong>. Joyer\u00eda Artesanal.<\/em><\/p>\n<p style=\"text-align: justify;\"><em><strong>\u2013<\/strong>\u00a0<a href=\"https:\/\/mcoadvisor.es\/\" target=\"_blank\" rel=\"noopener\"><strong>Mcoadvisor<\/strong><\/a>.\u00a0Asesor\u00eda institucional.<\/em><\/p>\n<p style=\"text-align: justify;\"><em><strong>\u2013<\/strong>\u00a0<strong><a href=\"https:\/\/vazquesur.com\/\" target=\"_blank\" rel=\"noopener\">VAZQUESUR<\/a><\/strong>. Construcciones. Muros de Piedra. Obras Civiles.<\/em><\/p>\n<h2 style=\"text-align: center;\">Enlaces<\/h2>\n","protected":false},"excerpt":{"rendered":"<p>Mediante estos\u00a0\u00a0enlaces, podr\u00e1s encontrar otros productos y art\u00edculos de gran inter\u00e9s, sin necesidad de salir de esta p\u00e1gina.\u00a0Webs de inter\u00e9s en\u00a0Estepona. Por lo que, podr\u00e1 volver en cualquier momento a buscar lo que deseaba en un primer momento y comprarlo. \u2013\u00a0Comercios de Estepona Buscador Web de Comercios y Productos de Estepona. \u2013\u00a0Comercios de tu Ciudad.\u00a0Buscador [&hellip;]<\/p>\n","protected":false},"author":1,"featured_media":0,"parent":0,"menu_order":0,"comment_status":"closed","ping_status":"closed","template":"","meta":{"_et_pb_use_builder":"","_et_pb_old_content":"","_et_gb_content_width":"","footnotes":""},"class_list":["post-391","page","type-page","status-publish","hentry"],"_links":{"self":[{"href":"https:\/\/www.cerrajeroenestepona.com\/es\/wp-json\/wp\/v2\/pages\/391"}],"collection":[{"href":"https:\/\/www.cerrajeroenestepona.com\/es\/wp-json\/wp\/v2\/pages"}],"about":[{"href":"https:\/\/www.cerrajeroenestepona.com\/es\/wp-json\/wp\/v2\/types\/page"}],"author":[{"embeddable":true,"href":"https:\/\/www.cerrajeroenestepona.com\/es\/wp-json\/wp\/v2\/users\/1"}],"replies":[{"embeddable":true,"href":"https:\/\/www.cerrajeroenestepona.com\/es\/wp-json\/wp\/v2\/comments?post=391"}],"version-history":[{"count":1,"href":"https:\/\/www.cerrajeroenestepona.com\/es\/wp-json\/wp\/v2\/pages\/391\/revisions"}],"predecessor-version":[{"id":392,"href":"https:\/\/www.cerrajeroenestepona.com\/es\/wp-json\/wp\/v2\/pages\/391\/revisions\/392"}],"wp:attachment":[{"href":"https:\/\/www.cerrajeroenestepona.com\/es\/wp-json\/wp\/v2\/media?parent=391"}],"curies":[{"name":"wp","href":"https:\/\/api.w.org\/{rel}","templated":true}]}}