{"id":73,"date":"2014-08-16T19:41:43","date_gmt":"2014-08-16T19:41:43","guid":{"rendered":"http:\/\/www.cerrajeroenestepona.com\/es\/?page_id=73"},"modified":"2014-08-20T06:15:55","modified_gmt":"2014-08-20T06:15:55","slug":"aperturas","status":"publish","type":"page","link":"https:\/\/www.cerrajeroenestepona.com\/es\/aperturas\/","title":{"rendered":"Aperturas"},"content":{"rendered":"<p>[et_pb_section fullwidth=\u00bboff\u00bb specialty=\u00bboff\u00bb background_color=\u00bb#f7f7f7&#8243; inner_shadow=\u00bboff\u00bb parallax=\u00bboff\u00bb parallax_method=\u00bbcss\u00bb][et_pb_row][et_pb_column type=\u00bb1_2&#8243;][et_pb_text admin_label=\u00bbText\u00bb background_layout=\u00bblight\u00bb text_orientation=\u00bbcenter\u00bb]<\/p>\n<h1><span class=\"UNO\" style=\"font-weight: bold; color: #0000ff;\"><span class=\"DOS\"><span style=\"color: #333399;\">TEL\/FAX:<\/span>\u00a0<\/span><\/span><span class=\"DOS\" style=\"font-weight: bold; color: #ff0000;\"><span class=\"FINAL\"><span class=\"DOS\"><span class=\"tel\">951 965 802<\/span><\/span><\/span><\/span><\/h1>\n<p>[\/et_pb_text][\/et_pb_column][et_pb_column type=\u00bb1_2&#8243;][et_pb_text admin_label=\u00bbText\u00bb background_layout=\u00bblight\u00bb text_orientation=\u00bbcenter\u00bb]<\/p>\n<h1><span class=\"UNO\" style=\"font-weight: bold; color: #333399;\"><span class=\"DOS\">M\u00f3vil:<\/span><\/span><span style=\"font-weight: bold; color: #000000;\">\u00a0<\/span><span class=\"DOS\" style=\"font-weight: bold; color: #ff0000;\">680 269 482<\/span><\/h1>\n<p>[\/et_pb_text][\/et_pb_column][\/et_pb_row][\/et_pb_section][et_pb_section][et_pb_row][et_pb_column type=\u00bb1_2&#8243;][et_pb_text admin_label=\u00bbText\u00bb background_layout=\u00bblight\u00bb text_orientation=\u00bbleft\u00bb]<\/p>\n<p style=\"font-weight: bold; color: #000000; text-align: justify;\" align=\"justify\"><span class=\"cuatro\" style=\"color: #000000;\">Usted tiene una dif\u00edcil encontrar llaves o la necesidad de encajar una llave a una cerradura. Usted est\u00e1 bloqueada , el bloqueo se ha roto o sus llaves fueron robadas . Usted se est\u00e1 mudando y quiere nuevas cerraduras para sus puertas o ventanas.<\/span><\/p>\n<h2 style=\"font-weight: bold; color: #000000; text-align: justify;\" align=\"justify\"><span style=\"font-weight: bold; font-style: italic; color: #ff0000;\">APERTURA DE PUERTAS. (SIN DESTROZOS).<\/span><\/h2>\n<p style=\"font-weight: bold; color: #000000; text-align: justify;\" align=\"justify\">Si busca un servicio de calidad, r\u00e1pido y profesional, aqu\u00ed lo ha encontrado. Apertura de todo tipo de puertas y cerraduras. Apertura de puertas normales, puertas blindadas, puertas acorazadas, etc. Apertura de cualquier tipo de cerradura. Servicio de Cerrajer\u00eda de URGENCIA. Incluso en festivos. Unidades m\u00f3viles en todas las zonas. Servicios de cerrajer\u00eda para: Particulares. Empresas. Administradores de Fincas y Comunidades de Propietarios. Inmobiliarias. Desahucios y aperturas judiciales.<\/p>\n<h2 style=\"font-weight: bold; color: #000000; text-align: justify;\" align=\"justify\"><span style=\"font-style: italic; color: #ff0000;\">APERTURA DE COCHES (SIN ARA\u00d1AZOS).<\/span><\/h2>\n<p style=\"font-weight: bold; color: #000000; text-align: justify;\" align=\"justify\">Apertura de coches y veh\u00edculos. de la mayor\u00eda de las marcas y modelos, sin ning\u00fan tipo de deterioro para este.<\/p>\n<p>[\/et_pb_text][\/et_pb_column][et_pb_column type=\u00bb1_2&#8243;][et_pb_gallery admin_label=\u00bbGallery\u00bb gallery_ids=\u00bb102,101,111,112&#8243; fullwidth=\u00bbon\u00bb posts_number=\u00bb4&#8243; show_title_and_caption=\u00bbon\u00bb show_pagination=\u00bbon\u00bb background_layout=\u00bblight\u00bb \/][\/et_pb_column][\/et_pb_row][\/et_pb_section]<\/p>\n","protected":false},"excerpt":{"rendered":"<p><div class=\"et_pb_row et_pb_row_0 et_pb_row_empty\">\n\t\t\t\t\n\t\t\t\t\n\t\t\t\t\n\t\t\t\t\n\t\t\t\t\n\t\t\t<\/div>TEL\/FAX:\u00a0951 965 802M\u00f3vil:\u00a0680 269 482<div class=\"et_pb_section et_pb_section_0 et_section_regular\" >\n\t\t\t\t\n\t\t\t\t\n\t\t\t\t\n\t\t\t\t\n\t\t\t\t\n\t\t\t\t\n\t\t\t\t\n\t\t\t\t\n\t\t\t\t\n\t\t\t<\/div><div class=\"et_pb_row et_pb_row_1 et_pb_row_empty\">\n\t\t\t\t\n\t\t\t\t\n\t\t\t\t\n\t\t\t\t\n\t\t\t\t\n\t\t\t<\/div>Usted tiene una dif\u00edcil encontrar llaves o la necesidad de encajar una llave a una cerradura. Usted est\u00e1 bloqueada , el bloqueo se ha roto o sus llaves fueron robadas . Usted se est\u00e1 mudando y quiere nuevas cerraduras para sus puertas o ventanas.APERTURA DE PUERTAS. (SIN DESTROZOS).Si busca un servicio [&hellip;]<\/p>\n","protected":false},"author":1,"featured_media":0,"parent":0,"menu_order":0,"comment_status":"open","ping_status":"open","template":"","meta":{"_et_pb_use_builder":"on","_et_pb_old_content":"","_et_gb_content_width":"","footnotes":""},"class_list":["post-73","page","type-page","status-publish","hentry"],"_links":{"self":[{"href":"https:\/\/www.cerrajeroenestepona.com\/es\/wp-json\/wp\/v2\/pages\/73"}],"collection":[{"href":"https:\/\/www.cerrajeroenestepona.com\/es\/wp-json\/wp\/v2\/pages"}],"about":[{"href":"https:\/\/www.cerrajeroenestepona.com\/es\/wp-json\/wp\/v2\/types\/page"}],"author":[{"embeddable":true,"href":"https:\/\/www.cerrajeroenestepona.com\/es\/wp-json\/wp\/v2\/users\/1"}],"replies":[{"embeddable":true,"href":"https:\/\/www.cerrajeroenestepona.com\/es\/wp-json\/wp\/v2\/comments?post=73"}],"version-history":[{"count":15,"href":"https:\/\/www.cerrajeroenestepona.com\/es\/wp-json\/wp\/v2\/pages\/73\/revisions"}],"predecessor-version":[{"id":143,"href":"https:\/\/www.cerrajeroenestepona.com\/es\/wp-json\/wp\/v2\/pages\/73\/revisions\/143"}],"wp:attachment":[{"href":"https:\/\/www.cerrajeroenestepona.com\/es\/wp-json\/wp\/v2\/media?parent=73"}],"curies":[{"name":"wp","href":"https:\/\/api.w.org\/{rel}","templated":true}]}}