{"id":77,"date":"2014-08-16T19:42:30","date_gmt":"2014-08-16T19:42:30","guid":{"rendered":"http:\/\/www.cerrajeroenestepona.com\/es\/?page_id=77"},"modified":"2015-08-10T05:46:12","modified_gmt":"2015-08-10T05:46:12","slug":"puertas-automaticas","status":"publish","type":"page","link":"https:\/\/www.cerrajeroenestepona.com\/es\/puertas-automaticas\/","title":{"rendered":"Puertas Autom\u00e1ticas"},"content":{"rendered":"<p>[et_pb_section fullwidth=\u00bboff\u00bb specialty=\u00bboff\u00bb background_color=\u00bb#f7f7f7&#8243; inner_shadow=\u00bboff\u00bb parallax=\u00bboff\u00bb parallax_method=\u00bbcss\u00bb][et_pb_row][et_pb_column type=\u00bb1_2&#8243;][et_pb_text admin_label=\u00bbText\u00bb background_layout=\u00bblight\u00bb text_orientation=\u00bbleft\u00bb]<\/p>\n<h1><span class=\"UNO\" style=\"font-weight: bold; color: #0000ff;\"><span class=\"DOS\"><span style=\"color: #333399;\">TEL\/FAX:<\/span>\u00a0<\/span><\/span><span class=\"DOS\" style=\"font-weight: bold; color: #ff0000;\"><span class=\"FINAL\"><span class=\"DOS\"><span class=\"tel\">951 965 802<\/span><\/span><\/span><\/span><\/h1>\n<p>[\/et_pb_text][\/et_pb_column][et_pb_column type=\u00bb1_2&#8243;][et_pb_text admin_label=\u00bbText\u00bb background_layout=\u00bblight\u00bb text_orientation=\u00bbleft\u00bb]<\/p>\n<h1><span class=\"UNO\" style=\"font-weight: bold; color: #333399;\"><span class=\"DOS\">M\u00f3vil:<\/span><\/span><span style=\"font-weight: bold; color: #000000;\">\u00a0<\/span><span class=\"DOS\" style=\"font-weight: bold; color: #ff0000;\">680 269 482<\/span><\/h1>\n<p>[\/et_pb_text][\/et_pb_column][\/et_pb_row][\/et_pb_section][et_pb_section][et_pb_row][et_pb_column type=\u00bb1_2&#8243;][et_pb_text admin_label=\u00bbText\u00bb background_layout=\u00bblight\u00bb text_orientation=\u00bbleft\u00bb]<\/p>\n<h4>Realizamos todo tipo de instalaci\u00f3n y reparaci\u00f3n de puertas autom\u00e1ticas, tanto en negocios como en viviendas particulares.<\/h4>\n<h4>\u00a0<\/h4>\n<ul>\n<li>\n<h4>BATIENTES &#8211; CORREDERAS &#8211; BASCULANTES<\/h4>\n<\/li>\n<li>\n<h4>ENROLLABLES &#8211; SECCIONABLES<\/h4>\n<\/li>\n<li>\n<h4>BARRERA<\/h4>\n<\/li>\n<li>\n<h4>DE TIJERA DE PARA NEGOCIOS<\/h4>\n<\/li>\n<\/ul>\n<h4><span style=\"color: #000000; font-weight: bold; text-align: justify;\">Tambi\u00e9n poseemos gran cantidad de automatismos, cerraduras y mando para puertas autom\u00e1ticas, adem\u00e1s de poder realizar la copia de cualquier tipo de mando.<\/span><\/h4>\n<p>[\/et_pb_text][\/et_pb_column][et_pb_column type=\u00bb1_2&#8243;][et_pb_gallery admin_label=\u00bbGallery\u00bb gallery_ids=\u00bb123,124,125,126,127,128,130,131,132,133,134,135,136,137,138,139,140&#8243; fullwidth=\u00bbon\u00bb posts_number=\u00bb4&#8243; show_title_and_caption=\u00bbon\u00bb show_pagination=\u00bbon\u00bb background_layout=\u00bblight\u00bb \/][\/et_pb_column][\/et_pb_row][\/et_pb_section]<\/p>\n","protected":false},"excerpt":{"rendered":"<p><div class=\"et_pb_row et_pb_row_0 et_pb_row_empty\">\n\t\t\t\t\n\t\t\t\t\n\t\t\t\t\n\t\t\t\t\n\t\t\t\t\n\t\t\t<\/div>TEL\/FAX:\u00a0951 965 802M\u00f3vil:\u00a0680 269 482<div class=\"et_pb_section et_pb_section_0 et_section_regular\" >\n\t\t\t\t\n\t\t\t\t\n\t\t\t\t\n\t\t\t\t\n\t\t\t\t\n\t\t\t\t\n\t\t\t\t\n\t\t\t\t\n\t\t\t\t\n\t\t\t<\/div><div class=\"et_pb_row et_pb_row_1 et_pb_row_empty\">\n\t\t\t\t\n\t\t\t\t\n\t\t\t\t\n\t\t\t\t\n\t\t\t\t\n\t\t\t<\/div>Realizamos todo tipo de instalaci\u00f3n y reparaci\u00f3n de puertas autom\u00e1ticas, tanto en negocios como en viviendas particulares.\u00a0BATIENTES &#8211; CORREDERAS &#8211; BASCULANTESENROLLABLES &#8211; SECCIONABLESBARRERADE TIJERA DE PARA NEGOCIOSTambi\u00e9n poseemos gran cantidad de automatismos, cerraduras y mando para puertas autom\u00e1ticas, adem\u00e1s de poder realizar la copia de cualquier tipo de mando.<\/p>\n","protected":false},"author":1,"featured_media":0,"parent":0,"menu_order":0,"comment_status":"open","ping_status":"open","template":"","meta":{"_et_pb_use_builder":"on","_et_pb_old_content":"","_et_gb_content_width":"","footnotes":""},"class_list":["post-77","page","type-page","status-publish","hentry"],"_links":{"self":[{"href":"https:\/\/www.cerrajeroenestepona.com\/es\/wp-json\/wp\/v2\/pages\/77"}],"collection":[{"href":"https:\/\/www.cerrajeroenestepona.com\/es\/wp-json\/wp\/v2\/pages"}],"about":[{"href":"https:\/\/www.cerrajeroenestepona.com\/es\/wp-json\/wp\/v2\/types\/page"}],"author":[{"embeddable":true,"href":"https:\/\/www.cerrajeroenestepona.com\/es\/wp-json\/wp\/v2\/users\/1"}],"replies":[{"embeddable":true,"href":"https:\/\/www.cerrajeroenestepona.com\/es\/wp-json\/wp\/v2\/comments?post=77"}],"version-history":[{"count":7,"href":"https:\/\/www.cerrajeroenestepona.com\/es\/wp-json\/wp\/v2\/pages\/77\/revisions"}],"predecessor-version":[{"id":218,"href":"https:\/\/www.cerrajeroenestepona.com\/es\/wp-json\/wp\/v2\/pages\/77\/revisions\/218"}],"wp:attachment":[{"href":"https:\/\/www.cerrajeroenestepona.com\/es\/wp-json\/wp\/v2\/media?parent=77"}],"curies":[{"name":"wp","href":"https:\/\/api.w.org\/{rel}","templated":true}]}}