{"id":79,"date":"2014-08-16T19:42:46","date_gmt":"2014-08-16T19:42:46","guid":{"rendered":"http:\/\/www.cerrajeroenestepona.com\/es\/?page_id=79"},"modified":"2015-08-10T05:45:32","modified_gmt":"2015-08-10T05:45:32","slug":"persianas","status":"publish","type":"page","link":"https:\/\/www.cerrajeroenestepona.com\/es\/persianas\/","title":{"rendered":"Persianas"},"content":{"rendered":"<p>[et_pb_section fullwidth=\u00bboff\u00bb specialty=\u00bboff\u00bb background_color=\u00bb#f7f7f7&#8243; inner_shadow=\u00bboff\u00bb parallax=\u00bboff\u00bb parallax_method=\u00bbcss\u00bb][et_pb_row][et_pb_column type=\u00bb1_2&#8243;][et_pb_text admin_label=\u00bbText\u00bb background_layout=\u00bblight\u00bb text_orientation=\u00bbleft\u00bb]<\/p>\n<h1><span class=\"UNO\" style=\"font-weight: bold; color: #0000ff;\"><span class=\"DOS\"><span style=\"color: #333399;\">TEL\/FAX:<\/span>\u00a0<\/span><\/span><span class=\"DOS\" style=\"font-weight: bold; color: #ff0000;\"><span class=\"FINAL\"><span class=\"DOS\"><span class=\"tel\">951 965 802<\/span><\/span><\/span><\/span><\/h1>\n<p>[\/et_pb_text][\/et_pb_column][et_pb_column type=\u00bb1_2&#8243;][et_pb_text admin_label=\u00bbText\u00bb background_layout=\u00bblight\u00bb text_orientation=\u00bbleft\u00bb]<\/p>\n<h1><span class=\"UNO\" style=\"font-weight: bold; color: #333399;\"><span class=\"DOS\">M\u00f3vil:<\/span><\/span><span style=\"font-weight: bold; color: #000000;\">\u00a0<\/span><span class=\"DOS\" style=\"font-weight: bold; color: #ff0000;\">680 269 482<\/span><\/h1>\n<p>[\/et_pb_text][\/et_pb_column][\/et_pb_row][\/et_pb_section][et_pb_section][et_pb_row][et_pb_column type=\u00bb1_2&#8243;][et_pb_text admin_label=\u00bbText\u00bb background_layout=\u00bblight\u00bb text_orientation=\u00bbleft\u00bb]<\/p>\n<h4 style=\"text-align: justify;\"><span style=\"color: #333333;\">Realizamos todo tipo de instalaci\u00f3n y reparaci\u00f3n de persianas autom\u00e1ticas y persianas de seguridad tanto en negocios, naves como en viviendas particulares, estas se pueden colocar tanto en puertas como en ventanas.<\/span><\/h4>\n<ul>\n<li>\n<h4><span style=\"color: #333333;\">PERSIANAS DE SEGURIDAD<\/span><\/h4>\n<\/li>\n<li>\n<h4><span style=\"color: #333333;\">CIERRES ENRROLLABLES (METALICOS Y ACERO INOXIDABLE)<\/span><\/h4>\n<\/li>\n<li>\n<h4><span style=\"color: #333333;\">PERSIANAS DE BALLESTAS<\/span><\/h4>\n<\/li>\n<\/ul>\n<h4><span style=\"color: #333333;\">Realizamos todo tipo de instalaci\u00f3n y reparaci\u00f3n de puertas autom\u00e1ticas, tanto en negocios como en viviendas particulares.<\/span><\/h4>\n<p>[\/et_pb_text][\/et_pb_column][et_pb_column type=\u00bb1_2&#8243;][et_pb_gallery admin_label=\u00bbGallery\u00bb gallery_ids=\u00bb158,159,160,161,162,163,164,165,166,167,168,169&#8243; fullwidth=\u00bbon\u00bb posts_number=\u00bb4&#8243; show_title_and_caption=\u00bboff\u00bb show_pagination=\u00bbon\u00bb background_layout=\u00bblight\u00bb \/][\/et_pb_column][\/et_pb_row][\/et_pb_section]<\/p>\n","protected":false},"excerpt":{"rendered":"<p><div class=\"et_pb_row et_pb_row_0 et_pb_row_empty\">\n\t\t\t\t\n\t\t\t\t\n\t\t\t\t\n\t\t\t\t\n\t\t\t\t\n\t\t\t<\/div>TEL\/FAX:\u00a0951 965 802M\u00f3vil:\u00a0680 269 482<div class=\"et_pb_section et_pb_section_0 et_section_regular\" >\n\t\t\t\t\n\t\t\t\t\n\t\t\t\t\n\t\t\t\t\n\t\t\t\t\n\t\t\t\t\n\t\t\t\t\n\t\t\t\t\n\t\t\t\t\n\t\t\t<\/div><div class=\"et_pb_row et_pb_row_1 et_pb_row_empty\">\n\t\t\t\t\n\t\t\t\t\n\t\t\t\t\n\t\t\t\t\n\t\t\t\t\n\t\t\t<\/div>Realizamos todo tipo de instalaci\u00f3n y reparaci\u00f3n de persianas autom\u00e1ticas y persianas de seguridad tanto en negocios, naves como en viviendas particulares, estas se pueden colocar tanto en puertas como en ventanas.PERSIANAS DE SEGURIDADCIERRES ENRROLLABLES (METALICOS Y ACERO INOXIDABLE)PERSIANAS DE BALLESTASRealizamos todo tipo de instalaci\u00f3n y reparaci\u00f3n de puertas autom\u00e1ticas, tanto [&hellip;]<\/p>\n","protected":false},"author":1,"featured_media":0,"parent":0,"menu_order":0,"comment_status":"open","ping_status":"open","template":"","meta":{"_et_pb_use_builder":"on","_et_pb_old_content":"","_et_gb_content_width":"","footnotes":""},"class_list":["post-79","page","type-page","status-publish","hentry"],"_links":{"self":[{"href":"https:\/\/www.cerrajeroenestepona.com\/es\/wp-json\/wp\/v2\/pages\/79"}],"collection":[{"href":"https:\/\/www.cerrajeroenestepona.com\/es\/wp-json\/wp\/v2\/pages"}],"about":[{"href":"https:\/\/www.cerrajeroenestepona.com\/es\/wp-json\/wp\/v2\/types\/page"}],"author":[{"embeddable":true,"href":"https:\/\/www.cerrajeroenestepona.com\/es\/wp-json\/wp\/v2\/users\/1"}],"replies":[{"embeddable":true,"href":"https:\/\/www.cerrajeroenestepona.com\/es\/wp-json\/wp\/v2\/comments?post=79"}],"version-history":[{"count":9,"href":"https:\/\/www.cerrajeroenestepona.com\/es\/wp-json\/wp\/v2\/pages\/79\/revisions"}],"predecessor-version":[{"id":217,"href":"https:\/\/www.cerrajeroenestepona.com\/es\/wp-json\/wp\/v2\/pages\/79\/revisions\/217"}],"wp:attachment":[{"href":"https:\/\/www.cerrajeroenestepona.com\/es\/wp-json\/wp\/v2\/media?parent=79"}],"curies":[{"name":"wp","href":"https:\/\/api.w.org\/{rel}","templated":true}]}}